{"id":202,"date":"2025-02-20T00:11:01","date_gmt":"2025-02-20T00:11:01","guid":{"rendered":"https:\/\/mobicee.com\/tr\/?page_id=202"},"modified":"2025-02-20T00:11:01","modified_gmt":"2025-02-20T00:11:01","slug":"hakkimizda","status":"publish","type":"page","link":"https:\/\/mobicee.com\/tr\/hakkimizda\/","title":{"rendered":"Hakk\u0131m\u0131zda"},"content":{"rendered":"<p data-pm-slice=\"1 3 []\"><strong>Mobicee<\/strong> olarak, yurt d\u0131\u015f\u0131nda ya\u015fayan T\u00fcrklere y\u00f6nelik tamamen \u00fccretsiz bir \u00e7evrim i\u00e7i dil \u00f6\u011frenme platformuyuz. \u0130ngilizce, Almanca ve di\u011fer dillerde kapsaml\u0131 e\u011fitim kaynaklar\u0131 sunarak, herkesin dil \u00f6\u011frenme s\u00fcrecini daha eri\u015filebilir ve etkili hale getirmeyi hedefliyoruz.<\/p>\n<h3>Misyonumuz<\/h3>\n<p>Amac\u0131m\u0131z, d\u00fcnyan\u0131n neresinde olursa olsun T\u00fcrklere dil \u00f6\u011frenme konusunda destek olmak ve dil engellerini a\u015fmalar\u0131na yard\u0131mc\u0131 olmakt\u0131r. Y\u00fcksek kaliteli e\u011fitim i\u00e7eriklerimiz sayesinde, kullan\u0131c\u0131lar\u0131m\u0131z kendi h\u0131zlar\u0131nda ve istedikleri yerden yeni diller \u00f6\u011frenebilirler.<\/p>\n<h3>Neler Sunuyoruz?<\/h3>\n<ul data-spread=\"false\">\n<li><strong>\u00dccretsiz Dil Dersleri<\/strong>: \u0130ngilizce ve Almanca ba\u015fta olmak \u00fczere \u00e7e\u015fitli dillerde interaktif dersler.<\/li>\n<li><strong>Pratik \u0130\u00e7erikler<\/strong>: G\u00fcnl\u00fck konu\u015fmalar, kelime \u00e7al\u0131\u015fmalar\u0131 ve dil bilgisi rehberleri.<\/li>\n<li><strong>Kullan\u0131c\u0131 Dostu Deneyim<\/strong>: Kolay eri\u015filebilir i\u00e7erikler ve her seviyeye uygun kaynaklar.<\/li>\n<\/ul>\n","protected":false},"excerpt":{"rendered":"<p>Mobicee olarak, yurt d\u0131\u015f\u0131nda ya\u015fayan T\u00fcrklere y\u00f6nelik tamamen \u00fccretsiz bir \u00e7evrim i\u00e7i dil \u00f6\u011frenme platformuyuz. \u0130ngilizce, Almanca ve di\u011fer dillerde kapsaml\u0131 e\u011fitim kaynaklar\u0131 sunarak, herkesin dil \u00f6\u011frenme s\u00fcrecini daha eri\u015filebilir ve etkili hale getirmeyi hedefliyoruz. Misyonumuz Amac\u0131m\u0131z, d\u00fcnyan\u0131n neresinde olursa olsun T\u00fcrklere dil \u00f6\u011frenme konusunda destek olmak ve dil engellerini a\u015fmalar\u0131na yard\u0131mc\u0131 olmakt\u0131r. Y\u00fcksek kaliteli &hellip;<\/p>\n","protected":false},"author":1,"featured_media":0,"parent":0,"menu_order":0,"comment_status":"closed","ping_status":"closed","template":"","meta":{"footnotes":""},"class_list":["post-202","page","type-page","status-publish","hentry"],"_links":{"self":[{"href":"https:\/\/mobicee.com\/tr\/wp-json\/wp\/v2\/pages\/202","targetHints":{"allow":["GET"]}}],"collection":[{"href":"https:\/\/mobicee.com\/tr\/wp-json\/wp\/v2\/pages"}],"about":[{"href":"https:\/\/mobicee.com\/tr\/wp-json\/wp\/v2\/types\/page"}],"author":[{"embeddable":true,"href":"https:\/\/mobicee.com\/tr\/wp-json\/wp\/v2\/users\/1"}],"replies":[{"embeddable":true,"href":"https:\/\/mobicee.com\/tr\/wp-json\/wp\/v2\/comments?post=202"}],"version-history":[{"count":1,"href":"https:\/\/mobicee.com\/tr\/wp-json\/wp\/v2\/pages\/202\/revisions"}],"predecessor-version":[{"id":203,"href":"https:\/\/mobicee.com\/tr\/wp-json\/wp\/v2\/pages\/202\/revisions\/203"}],"wp:attachment":[{"href":"https:\/\/mobicee.com\/tr\/wp-json\/wp\/v2\/media?parent=202"}],"curies":[{"name":"wp","href":"https:\/\/api.w.org\/{rel}","templated":true}]}}